{"id":243,"date":"2019-04-23T08:39:26","date_gmt":"2019-04-23T06:39:26","guid":{"rendered":"http:\/\/www.holz-pfoser.at\/ulrichsberg\/?page_id=243"},"modified":"2024-04-25T10:37:26","modified_gmt":"2024-04-25T08:37:26","slug":"zirbe","status":"publish","type":"page","link":"https:\/\/www.holz-pfoser.at\/ulrichsberg\/zirbe\/","title":{"rendered":"zirbe"},"content":{"rendered":"<div id='layer_slider_1'  class='avia-layerslider main_color avia-shadow  avia-builder-el-0  el_before_av_heading  avia-builder-el-first  container_wrap fullsize'  style='height: 351px; max-width: 1500px; margin: 0 auto;'  ><\/div><div id='after_layer_slider_1'  class='main_color av_default_container_wrap container_wrap fullsize'  ><div class='container av-section-cont-open' ><div class='template-page content  av-content-full alpha units'><div class='post-entry post-entry-type-page post-entry-243'><div class='entry-content-wrapper clearfix'>\n\n<style type=\"text\/css\" data-created_by=\"avia_inline_auto\" id=\"style-css-av-7jv83-b4a08c8f4150f91918590405751e74a0\">\n#top .av-special-heading.av-7jv83-b4a08c8f4150f91918590405751e74a0{\npadding-bottom:10px;\n}\nbody .av-special-heading.av-7jv83-b4a08c8f4150f91918590405751e74a0 .av-special-heading-tag .heading-char{\nfont-size:25px;\n}\n.av-special-heading.av-7jv83-b4a08c8f4150f91918590405751e74a0 .av-subheading{\nfont-size:15px;\n}\n<\/style>\n<div  class='av-special-heading av-7jv83-b4a08c8f4150f91918590405751e74a0 av-special-heading-h1 blockquote modern-quote  avia-builder-el-1  el_after_av_layerslider  el_before_av_section  avia-builder-el-no-sibling '><h1 class='av-special-heading-tag'  itemprop=\"headline\"  >ZIRBE<\/h1><div class=\"special-heading-border\"><div class=\"special-heading-inner-border\"><\/div><\/div><\/div>\n<\/div><\/div><\/div><!-- close content main div --><\/div><\/div><div id='av_section_1'  class='avia-section av-jlxoobce-9cdfadf9e9b78ffb63e36a92a692a21d main_color avia-section-no-padding avia-no-border-styling  avia-builder-el-2  el_after_av_heading  el_before_av_hr  avia-bg-style-scroll container_wrap fullsize'  ><div class='container av-section-cont-open' ><div class='template-page content  av-content-full alpha units'><div class='post-entry post-entry-type-page post-entry-243'><div class='entry-content-wrapper clearfix'>\n<div class='flex_column_table av-jlxopdh0-a9ec3f5b74739addb240e3ebc61b0779 sc-av_two_fifth av-equal-height-column-flextable'>\n<style type=\"text\/css\" data-created_by=\"avia_inline_auto\" id=\"style-css-av-jlxopdh0-a9ec3f5b74739addb240e3ebc61b0779\">\n.flex_column.av-jlxopdh0-a9ec3f5b74739addb240e3ebc61b0779{\n-webkit-border-radius:0px 0px 0px 0px;\n-moz-border-radius:0px 0px 0px 0px;\nborder-radius:0px 0px 0px 0px;\npadding:0px 2px 0px 0px;\n}\n<\/style>\n<div class='flex_column av-jlxopdh0-a9ec3f5b74739addb240e3ebc61b0779 av_two_fifth  avia-builder-el-3  el_before_av_three_fifth  avia-builder-el-first  first no_margin flex_column_table_cell av-equal-height-column av-align-top '     ><section  class='av_textblock_section av-jlxntfks-cf25e28c8e2fc763ffa76e850bea8e3c'  itemscope=\"itemscope\" itemtype=\"https:\/\/schema.org\/CreativeWork\" ><div class='avia_textblock'  itemprop=\"text\" ><p>Diese edle Baumart ist seit der letzten Eiszeit im Alpenraum heimisch und seither macht sich der Mensch die positiven Eigenschaften zu Nutze. Wegen ihrer Anpassungsf\u00e4higkeit und dem Vorkommen im hochalpinen Raum gilt die Zirbe als die \u201cK\u00f6nigin der Alpen\u201d.<\/p>\n<p>Das besondere Holz ist das leichteste aller heimischen Nadelholzarten, bezeichnend sind die zahlreichen dunklen \u00c4ste.<\/p>\n<\/div><\/section><\/div>\n<style type=\"text\/css\" data-created_by=\"avia_inline_auto\" id=\"style-css-av-jlxove2u-9fb321d981c68b4402f45b465f3d0ab6\">\n.flex_column.av-jlxove2u-9fb321d981c68b4402f45b465f3d0ab6{\n-webkit-border-radius:0px 0px 0px 0px;\n-moz-border-radius:0px 0px 0px 0px;\nborder-radius:0px 0px 0px 0px;\npadding:0px 2px 0px 0px;\n}\n<\/style>\n<div class='flex_column av-jlxove2u-9fb321d981c68b4402f45b465f3d0ab6 av_three_fifth  avia-builder-el-5  el_after_av_two_fifth  el_before_av_one_full  no_margin flex_column_table_cell av-equal-height-column av-align-top '     ><style type=\"text\/css\" data-created_by=\"avia_inline_auto\" id=\"style-css-av-jm0n6069-d647ab1963006f4aea2e24cd1d8690f6\">\n#top .avia-gallery.av-jm0n6069-d647ab1963006f4aea2e24cd1d8690f6 .avia-gallery-thumb a{\nwidth:33.3333%;\n}\n<\/style>\n<div  class='avia-gallery av-jm0n6069-d647ab1963006f4aea2e24cd1d8690f6 avia_animate_when_visible  avia-builder-el-6  avia-builder-el-no-sibling  deactivate_avia_lazyload avia-gallery-animate avia-gallery-1'  itemprop=\"image\" itemscope=\"itemscope\" itemtype=\"https:\/\/schema.org\/ImageObject\" ><meta itemprop=\"contentURL\" content=\"https:\/\/www.holz-pfoser.at\/ulrichsberg\/zirbe\/\"><div class='avia-gallery-thumb'><a href=\"https:\/\/www.holz-pfoser.at\/ulrichsberg\/wp-content\/uploads\/2019\/08\/pfoser17-1030x773.jpg\" data-srcset=\"https:\/\/www.holz-pfoser.at\/ulrichsberg\/wp-content\/uploads\/2019\/08\/pfoser17-1030x773.jpg 1030w, https:\/\/www.holz-pfoser.at\/ulrichsberg\/wp-content\/uploads\/2019\/08\/pfoser17-300x225.jpg 300w, https:\/\/www.holz-pfoser.at\/ulrichsberg\/wp-content\/uploads\/2019\/08\/pfoser17-768x576.jpg 768w, https:\/\/www.holz-pfoser.at\/ulrichsberg\/wp-content\/uploads\/2019\/08\/pfoser17-705x529.jpg 705w, https:\/\/www.holz-pfoser.at\/ulrichsberg\/wp-content\/uploads\/2019\/08\/pfoser17-450x338.jpg 450w, https:\/\/www.holz-pfoser.at\/ulrichsberg\/wp-content\/uploads\/2019\/08\/pfoser17.jpg 1200w\" data-sizes=\"(max-width: 1030px) 100vw, 1030px\" data-rel='gallery-1' data-prev-img='https:\/\/www.holz-pfoser.at\/ulrichsberg\/wp-content\/uploads\/2019\/08\/pfoser17-495x400.jpg' class='first_thumb lightbox ' data-onclick='1' title='Zirbenholz vom S\u00e4gewerk Pfoser'  itemprop=\"thumbnailUrl\"  ><img decoding=\"async\" class=\"wp-image-274 avia-img-lazy-loading-not-274\"   src=\"https:\/\/www.holz-pfoser.at\/ulrichsberg\/wp-content\/uploads\/2019\/08\/pfoser17-495x400.jpg\" width=\"495\" height=\"400\"  title='Zirbenholz vom S\u00e4gewerk Pfoser' alt='Zirbenholz vom S\u00e4gewerk Pfoser' srcset=\"https:\/\/www.holz-pfoser.at\/ulrichsberg\/wp-content\/uploads\/2019\/08\/pfoser17-495x400.jpg 495w, https:\/\/www.holz-pfoser.at\/ulrichsberg\/wp-content\/uploads\/2019\/08\/pfoser17-845x684.jpg 845w\" sizes=\"(max-width: 495px) 100vw, 495px\" \/><div class='big-prev-fake'><img loading=\"lazy\" decoding=\"async\" class=\"wp-image-274 avia-img-lazy-loading-274\"  width=\"495\" height=\"400\" src=\"https:\/\/www.holz-pfoser.at\/ulrichsberg\/wp-content\/uploads\/2019\/08\/pfoser17-495x400.jpg\" title='Zirbenholz vom S\u00e4gewerk Pfoser' alt='Zirbenholz vom S\u00e4gewerk Pfoser' srcset=\"https:\/\/www.holz-pfoser.at\/ulrichsberg\/wp-content\/uploads\/2019\/08\/pfoser17-495x400.jpg 495w, https:\/\/www.holz-pfoser.at\/ulrichsberg\/wp-content\/uploads\/2019\/08\/pfoser17-845x684.jpg 845w\" sizes=\"(max-width: 495px) 100vw, 495px\" \/><\/div><\/a><a href=\"https:\/\/www.holz-pfoser.at\/ulrichsberg\/wp-content\/uploads\/2020\/04\/pfoser19-1030x773.jpg\" data-srcset=\"https:\/\/www.holz-pfoser.at\/ulrichsberg\/wp-content\/uploads\/2020\/04\/pfoser19-1030x773.jpg 1030w, https:\/\/www.holz-pfoser.at\/ulrichsberg\/wp-content\/uploads\/2020\/04\/pfoser19-300x225.jpg 300w, https:\/\/www.holz-pfoser.at\/ulrichsberg\/wp-content\/uploads\/2020\/04\/pfoser19-768x576.jpg 768w, https:\/\/www.holz-pfoser.at\/ulrichsberg\/wp-content\/uploads\/2020\/04\/pfoser19-705x529.jpg 705w, https:\/\/www.holz-pfoser.at\/ulrichsberg\/wp-content\/uploads\/2020\/04\/pfoser19-450x338.jpg 450w, https:\/\/www.holz-pfoser.at\/ulrichsberg\/wp-content\/uploads\/2020\/04\/pfoser19.jpg 1200w\" data-sizes=\"(max-width: 1030px) 100vw, 1030px\" data-rel='gallery-1' data-prev-img='https:\/\/www.holz-pfoser.at\/ulrichsberg\/wp-content\/uploads\/2020\/04\/pfoser19-495x400.jpg' class='lightbox ' data-onclick='2' title='Zirbenholz vom S\u00e4gewerk Pfoser'  itemprop=\"thumbnailUrl\"  ><img decoding=\"async\" class=\"wp-image-288 avia-img-lazy-loading-not-288\"   src=\"https:\/\/www.holz-pfoser.at\/ulrichsberg\/wp-content\/uploads\/2020\/04\/pfoser19-495x400.jpg\" width=\"495\" height=\"400\"  title='Zirbenholz vom S\u00e4gewerk Pfoser' alt='Zirbenholz vom S\u00e4gewerk Pfoser' srcset=\"https:\/\/www.holz-pfoser.at\/ulrichsberg\/wp-content\/uploads\/2020\/04\/pfoser19-495x400.jpg 495w, https:\/\/www.holz-pfoser.at\/ulrichsberg\/wp-content\/uploads\/2020\/04\/pfoser19-845x684.jpg 845w\" sizes=\"(max-width: 495px) 100vw, 495px\" \/><div class='big-prev-fake'><img loading=\"lazy\" decoding=\"async\" class=\"wp-image-288 avia-img-lazy-loading-288\"  width=\"495\" height=\"400\" src=\"https:\/\/www.holz-pfoser.at\/ulrichsberg\/wp-content\/uploads\/2020\/04\/pfoser19-495x400.jpg\" title='Zirbenholz vom S\u00e4gewerk Pfoser' alt='Zirbenholz vom S\u00e4gewerk Pfoser' srcset=\"https:\/\/www.holz-pfoser.at\/ulrichsberg\/wp-content\/uploads\/2020\/04\/pfoser19-495x400.jpg 495w, https:\/\/www.holz-pfoser.at\/ulrichsberg\/wp-content\/uploads\/2020\/04\/pfoser19-845x684.jpg 845w\" sizes=\"(max-width: 495px) 100vw, 495px\" \/><\/div><\/a><a href=\"https:\/\/www.holz-pfoser.at\/ulrichsberg\/wp-content\/uploads\/2019\/08\/pfoser16-1030x773.jpg\" data-srcset=\"https:\/\/www.holz-pfoser.at\/ulrichsberg\/wp-content\/uploads\/2019\/08\/pfoser16-1030x773.jpg 1030w, https:\/\/www.holz-pfoser.at\/ulrichsberg\/wp-content\/uploads\/2019\/08\/pfoser16-300x225.jpg 300w, https:\/\/www.holz-pfoser.at\/ulrichsberg\/wp-content\/uploads\/2019\/08\/pfoser16-768x576.jpg 768w, https:\/\/www.holz-pfoser.at\/ulrichsberg\/wp-content\/uploads\/2019\/08\/pfoser16-705x529.jpg 705w, https:\/\/www.holz-pfoser.at\/ulrichsberg\/wp-content\/uploads\/2019\/08\/pfoser16-450x338.jpg 450w, https:\/\/www.holz-pfoser.at\/ulrichsberg\/wp-content\/uploads\/2019\/08\/pfoser16.jpg 1200w\" data-sizes=\"(max-width: 1030px) 100vw, 1030px\" data-rel='gallery-1' data-prev-img='https:\/\/www.holz-pfoser.at\/ulrichsberg\/wp-content\/uploads\/2019\/08\/pfoser16-495x400.jpg' class='lightbox ' data-onclick='3' title='Zirbenholz vom S\u00e4gewerk Pfoser'  itemprop=\"thumbnailUrl\"  ><img decoding=\"async\" class=\"wp-image-276 avia-img-lazy-loading-not-276\"   src=\"https:\/\/www.holz-pfoser.at\/ulrichsberg\/wp-content\/uploads\/2019\/08\/pfoser16-495x400.jpg\" width=\"495\" height=\"400\"  title='Zirbenholz vom S\u00e4gewerk Pfoser' alt='Zirbenholz vom S\u00e4gewerk Pfoser' srcset=\"https:\/\/www.holz-pfoser.at\/ulrichsberg\/wp-content\/uploads\/2019\/08\/pfoser16-495x400.jpg 495w, https:\/\/www.holz-pfoser.at\/ulrichsberg\/wp-content\/uploads\/2019\/08\/pfoser16-845x684.jpg 845w\" sizes=\"(max-width: 495px) 100vw, 495px\" \/><div class='big-prev-fake'><img loading=\"lazy\" decoding=\"async\" class=\"wp-image-276 avia-img-lazy-loading-276\"  width=\"495\" height=\"400\" src=\"https:\/\/www.holz-pfoser.at\/ulrichsberg\/wp-content\/uploads\/2019\/08\/pfoser16-495x400.jpg\" title='Zirbenholz vom S\u00e4gewerk Pfoser' alt='Zirbenholz vom S\u00e4gewerk Pfoser' srcset=\"https:\/\/www.holz-pfoser.at\/ulrichsberg\/wp-content\/uploads\/2019\/08\/pfoser16-495x400.jpg 495w, https:\/\/www.holz-pfoser.at\/ulrichsberg\/wp-content\/uploads\/2019\/08\/pfoser16-845x684.jpg 845w\" sizes=\"(max-width: 495px) 100vw, 495px\" \/><\/div><\/a><\/div><\/div><\/div><\/div><!--close column table wrapper. Autoclose: 1 --><div class='flex_column_table av-jlxopdh0-a9ec3f5b74739addb240e3ebc61b0779 sc-av_one_full av-equal-height-column-flextable'>\n<style type=\"text\/css\" data-created_by=\"avia_inline_auto\" id=\"style-css-av-jlxopdh0-a9ec3f5b74739addb240e3ebc61b0779\">\n.flex_column.av-jlxopdh0-a9ec3f5b74739addb240e3ebc61b0779{\n-webkit-border-radius:0px 0px 0px 0px;\n-moz-border-radius:0px 0px 0px 0px;\nborder-radius:0px 0px 0px 0px;\npadding:0px 2px 0px 0px;\n}\n<\/style>\n<div class='flex_column av-jlxopdh0-a9ec3f5b74739addb240e3ebc61b0779 av_one_full  avia-builder-el-7  el_after_av_three_fifth  avia-builder-el-last  first no_margin flex_column_table_cell av-equal-height-column av-align-top '     ><section  class='av_textblock_section av-jlxntfks-cf25e28c8e2fc763ffa76e850bea8e3c'  itemscope=\"itemscope\" itemtype=\"https:\/\/schema.org\/CreativeWork\" ><div class='avia_textblock'  itemprop=\"text\" ><p><strong>Zirbenholz hat positive Auswirkungen auf Kreislauf, Schlaf, Befinden und vegetative Regulation.\u00a0Im Zirbenbett schl\u00e4ft sichs besser.<\/strong><\/p>\n<p>Studien belegen, was die Menschen fr\u00fcher schon im \u201eG\u00b4sp\u00fcr\u201c hatten: Die Nachtruhe im Zirbenbett ist von ganz besonderer Qualit\u00e4t. Die Forschungsgesellschaft HUMAN RESEARCH Institutes f\u00fcr Gesundheitstechnologie und Pr\u00e4ventionsforschung (HRI) in Weiz fand heraus, dass die spezifischen Inhaltsstoffe des Zirbenholzes zu einer schonenden Herzfrequenz beim Menschen in der Nacht f\u00fchren. Dadurch ist der Organismus im Schnitt um 3500 Herzschl\u00e4ge pro Tag, das ist eine Stunde (!) Herzarbeit, weniger belastet.<\/p>\n<p><strong>Zirbenholz bewirkt allgemeines Wohlbefinden.<br \/>\n<\/strong><br \/>\nNicht zuletzt wirkt Zirbenholz Wetterf\u00fchligkeit entgegen, harmonisiert den Kreislauf und st\u00e4rkt das allgemeine Wohlbefinden. Der Mensch f\u00fchlt sich erholt, ausgeruht und ist ideal auf die Herausforderungen des Alltages vorbereitet.<br \/>\nDiese physiologischen Ergebnisse stimmten mit der subjektiven Einsch\u00e4tzung der Versuchspersonen \u00fcberein, welche \u00fcber einen erholsameren Schlaf, ein besseres Allgemeinbefinden und erstaunlicherweise eine h\u00f6here &#8222;soziale Extravertiertheit&#8220; berichteten. Vielleicht ein Grund, warum Gaststuben fr\u00fcher mit Zirbenholz verkleidet waren.<br \/>\nDas Material der Wohnungseinrichtung hat offensichtlich gr\u00f6\u00dfere Auswirkungen auf Befinden und Gesundheit als bisher bekannt. F\u00fcr das edle Holz der &#8222;K\u00f6nigin der Alpen&#8220; tun sich neue Anwendungsfelder auf.<\/p>\n<p>Hier k\u00f6nnen Sie die Folder zu den Studien einsehen:<br \/>\n<a href=\"http:\/\/www.holz-pfoser.at\/ulrichsberg\/wp-content\/uploads\/2019\/04\/Zirbe_Link1.pdf\" target=\"_blank\" rel=\"noopener\">DOWNLOAD 1 &gt;<\/a> | <a href=\"http:\/\/www.holz-pfoser.at\/ulrichsberg\/wp-content\/uploads\/2019\/04\/Zirbe_Link2.pdf\" target=\"_blank\" rel=\"noopener\">DOWNLOAD 2 &gt;<\/a><\/p>\n<p><em>Quelle: <a href=\"http:\/\/www.zirbe.info\" target=\"_blank\" rel=\"noopener\">www.zirbe.info<\/a><\/em><\/p>\n<\/div><\/section><\/div><\/div><!--close column table wrapper. Autoclose: 1 -->\n<\/div><\/div><\/div><!-- close content main div --><\/div><\/div><div id='after_section_1'  class='main_color av_default_container_wrap container_wrap fullsize'  ><div class='container av-section-cont-open' ><div class='template-page content  av-content-full alpha units'><div class='post-entry post-entry-type-page post-entry-243'><div class='entry-content-wrapper clearfix'>\n\n<style type=\"text\/css\" data-created_by=\"avia_inline_auto\" id=\"style-css-av-jm0hcgvm-04762bcbdbe7ce93bc2a079e67c61df2\">\n#top .hr.hr-invisible.av-jm0hcgvm-04762bcbdbe7ce93bc2a079e67c61df2{\nheight:5px;\n}\n<\/style>\n<div  class='hr av-jm0hcgvm-04762bcbdbe7ce93bc2a079e67c61df2 hr-invisible  avia-builder-el-9  el_after_av_section  el_before_av_section  avia-builder-el-no-sibling '><span class='hr-inner '><span class=\"hr-inner-style\"><\/span><\/span><\/div>\n<\/div><\/div><\/div><!-- close content main div --><\/div><\/div><div id='av_section_2'  class='avia-section av-jlxoobce-9cdfadf9e9b78ffb63e36a92a692a21d main_color avia-section-no-padding avia-no-border-styling  avia-builder-el-10  el_after_av_hr  el_before_av_one_full  avia-bg-style-scroll container_wrap fullsize'  ><div class='container av-section-cont-open' ><div class='template-page content  av-content-full alpha units'><div class='post-entry post-entry-type-page post-entry-243'><div class='entry-content-wrapper clearfix'>\n<div class='flex_column_table av-jlxove2u-3749a8b2ede790c95992096b754fc7ba sc-av_one_third av-equal-height-column-flextable'>\n<style type=\"text\/css\" data-created_by=\"avia_inline_auto\" id=\"style-css-av-jlxove2u-3749a8b2ede790c95992096b754fc7ba\">\n.flex_column.av-jlxove2u-3749a8b2ede790c95992096b754fc7ba{\n-webkit-border-radius:0px 0px 0px 0px;\n-moz-border-radius:0px 0px 0px 0px;\nborder-radius:0px 0px 0px 0px;\npadding:10px 10px 10px 10px;\nbackground-color:rgba(191,129,62,0.23);\n}\n<\/style>\n<div class='flex_column av-jlxove2u-3749a8b2ede790c95992096b754fc7ba av_one_third  avia-builder-el-11  el_before_av_one_third  avia-builder-el-first  first no_margin flex_column_table_cell av-equal-height-column av-align-top '     ><section  class='av_textblock_section av-jm0ivd60-00a925d738dffd346e191463206acdde'  itemscope=\"itemscope\" itemtype=\"https:\/\/schema.org\/CreativeWork\" ><div class='avia_textblock'  itemprop=\"text\" ><h3>wem sie n\u00fctzt &gt;<\/h3>\n<\/div><\/section><br \/>\n<section  class='av_textblock_section av-jlxntfks-cf25e28c8e2fc763ffa76e850bea8e3c'  itemscope=\"itemscope\" itemtype=\"https:\/\/schema.org\/CreativeWork\" ><div class='avia_textblock'  itemprop=\"text\" ><p>Wer auf die Zirbe setzt, baut in punkto Gesundheit auf das Richtige.<\/p>\n<p>Positive Effekte auf den Menschen sowie zahlreiche harmonisierende Eigenschaften werden dieser besonderen Holzart nachgesagt.<\/p>\n<\/div><\/section><\/p><\/div>\n<style type=\"text\/css\" data-created_by=\"avia_inline_auto\" id=\"style-css-av-jlxopdh0-cde87281c3b54710467b4147bb79aa58\">\n.flex_column.av-jlxopdh0-cde87281c3b54710467b4147bb79aa58{\n-webkit-border-radius:0px 0px 0px 0px;\n-moz-border-radius:0px 0px 0px 0px;\nborder-radius:0px 0px 0px 0px;\npadding:10px 10px 10px 10px;\nbackground-color:rgba(1,114,35,0.17);\n}\n<\/style>\n<div class='flex_column av-jlxopdh0-cde87281c3b54710467b4147bb79aa58 av_one_third  avia-builder-el-14  el_after_av_one_third  el_before_av_one_third  no_margin flex_column_table_cell av-equal-height-column av-align-top '     ><section  class='av_textblock_section av-jm0ivd60-00a925d738dffd346e191463206acdde'  itemscope=\"itemscope\" itemtype=\"https:\/\/schema.org\/CreativeWork\" ><div class='avia_textblock'  itemprop=\"text\" ><h3>antibakterielle Wirkung &gt;<\/h3>\n<\/div><\/section><br \/>\n<section  class='av_textblock_section av-jlxntfks-cf25e28c8e2fc763ffa76e850bea8e3c'  itemscope=\"itemscope\" itemtype=\"https:\/\/schema.org\/CreativeWork\" ><div class='avia_textblock'  itemprop=\"text\" ><p>Am Institut f\u00fcr Genetik und allgemeine Biologie der Universit\u00e4t Salzburg wurde das Zirbenholz auf seine antibakterielle Wirkung untersucht.<\/p>\n<p>Nach einer Versuchszeit von 12-14 Stunden konnten praktisch keine lebensf\u00e4higen Bakterien mehr nachgewiesen werden.<\/p>\n<\/div><\/section><\/p><\/div>\n<style type=\"text\/css\" data-created_by=\"avia_inline_auto\" id=\"style-css-av-jlxopdh0-fd8e1007302d4a48e931f691c75a11ea\">\n.flex_column.av-jlxopdh0-fd8e1007302d4a48e931f691c75a11ea{\n-webkit-border-radius:0px 0px 0px 0px;\n-moz-border-radius:0px 0px 0px 0px;\nborder-radius:0px 0px 0px 0px;\npadding:10px 10px 10px 10px;\nbackground-color:#ffffff;\n}\n<\/style>\n<div class='flex_column av-jlxopdh0-fd8e1007302d4a48e931f691c75a11ea av_one_third  avia-builder-el-17  el_after_av_one_third  avia-builder-el-last  no_margin flex_column_table_cell av-equal-height-column av-align-top '     ><section  class='av_textblock_section av-jm0ivd60-00a925d738dffd346e191463206acdde'  itemscope=\"itemscope\" itemtype=\"https:\/\/schema.org\/CreativeWork\" ><div class='avia_textblock'  itemprop=\"text\" ><h3 style=\"text-align: right;\">&lt; Ich bin f\u00fcr Sie da<\/h3>\n<p style=\"text-align: right;\">Ich bin Ihr Pers\u00f6nlicher Ansprechpartner bei allen Fragen rund ums Holz.<\/p>\n<p style=\"text-align: right;\"><strong>Ing. Markus Pfoser<\/strong><br \/>\n<strong> Mobil: 0664 4694490<\/strong><\/p>\n<\/div><\/section><br \/>\n\n<style type=\"text\/css\" data-created_by=\"avia_inline_auto\" id=\"style-css-av-jm0kimhr-2727853cf6aa57bee6e7e7f8f8845ba0\">\n.avia-image-container.av-jm0kimhr-2727853cf6aa57bee6e7e7f8f8845ba0 img.avia_image{\nbox-shadow:none;\n}\n.avia-image-container.av-jm0kimhr-2727853cf6aa57bee6e7e7f8f8845ba0 .av-image-caption-overlay-center{\ncolor:#ffffff;\n}\n<\/style>\n<div  class='avia-image-container av-jm0kimhr-2727853cf6aa57bee6e7e7f8f8845ba0 av-styling- avia-align-center  avia-builder-el-19  el_after_av_textblock  avia-builder-el-last '   itemprop=\"image\" itemscope=\"itemscope\" itemtype=\"https:\/\/schema.org\/ImageObject\" ><div class=\"avia-image-container-inner\"><div class=\"avia-image-overlay-wrap\"><img decoding=\"async\" class='wp-image-160 avia-img-lazy-loading-not-160 avia_image ' src=\"https:\/\/www.holz-pfoser.at\/ulrichsberg\/wp-content\/uploads\/2018\/09\/1322646094_1.jpg\" alt='' title=''  height=\"250\" width=\"600\"  itemprop=\"thumbnailUrl\" srcset=\"https:\/\/www.holz-pfoser.at\/ulrichsberg\/wp-content\/uploads\/2018\/09\/1322646094_1.jpg 600w, https:\/\/www.holz-pfoser.at\/ulrichsberg\/wp-content\/uploads\/2018\/09\/1322646094_1-300x125.jpg 300w, https:\/\/www.holz-pfoser.at\/ulrichsberg\/wp-content\/uploads\/2018\/09\/1322646094_1-450x188.jpg 450w\" sizes=\"(max-width: 600px) 100vw, 600px\" \/><\/div><\/div><\/div><\/p><\/div><\/div><!--close column table wrapper. Autoclose: 1 -->\n<\/div><\/div><\/div><!-- close content main div --><\/div><\/div><div id='after_section_2'  class='main_color av_default_container_wrap container_wrap fullsize'  ><div class='container av-section-cont-open' ><div class='template-page content  av-content-full alpha units'><div class='post-entry post-entry-type-page post-entry-243'><div class='entry-content-wrapper clearfix'>\n<div class='flex_column_table av-jlxopdh0-a9ec3f5b74739addb240e3ebc61b0779 sc-av_one_full av-equal-height-column-flextable'>\n<style type=\"text\/css\" data-created_by=\"avia_inline_auto\" id=\"style-css-av-jlxopdh0-a9ec3f5b74739addb240e3ebc61b0779\">\n.flex_column.av-jlxopdh0-a9ec3f5b74739addb240e3ebc61b0779{\n-webkit-border-radius:0px 0px 0px 0px;\n-moz-border-radius:0px 0px 0px 0px;\nborder-radius:0px 0px 0px 0px;\npadding:0px 2px 0px 0px;\n}\n<\/style>\n<div class='flex_column av-jlxopdh0-a9ec3f5b74739addb240e3ebc61b0779 av_one_full  avia-builder-el-20  el_after_av_section  el_before_av_section  avia-builder-el-no-sibling  first no_margin flex_column_table_cell av-equal-height-column av-align-top '     ><section  class='av_textblock_section av-jlxntfks-cf25e28c8e2fc763ffa76e850bea8e3c'  itemscope=\"itemscope\" itemtype=\"https:\/\/schema.org\/CreativeWork\" ><div class='avia_textblock'  itemprop=\"text\" ><p>Holz Pfoser erh\u00e4lt seine Zirbenst\u00e4mme aus dem sch\u00f6nen S\u00fcdtirol, sowie aus den Tiroler Bergen. Wir haben Zirbenschnittholz in verschiedenen St\u00e4rken fertig getrocknet zur Verarbeitung auf Lager. Egal ob Sie privat nur einige St\u00fccke f\u00fcr ein neues Bett ben\u00f6tigen, oder Sie ein M\u00f6belproduzent mit gro\u00dfem Bedarf sind, kontaktieren Sie uns, wir machen Ihnen gerne ein passendes Angebot.<\/p>\n<\/div><\/section><\/div><\/div><!--close column table wrapper. Autoclose: 1 -->\n<\/div><\/div><\/div><!-- close content main div --><\/div><\/div><div id='av_section_3'  class='avia-section av-nm0m-0a06d0ba798886da8e69977ee92bf8f3 main_color avia-section-default avia-no-border-styling  avia-builder-el-22  el_after_av_one_full  el_before_av_layout_row  avia-bg-style-scroll container_wrap fullsize'  ><div class='container av-section-cont-open' ><div class='template-page content  av-content-full alpha units'><div class='post-entry post-entry-type-page post-entry-243'><div class='entry-content-wrapper clearfix'>\n<\/div><\/div><\/div><!-- close content main div --><\/div><\/div><div id='av-layout-grid-1'  class='av-layout-grid-container av-jm0e74bo-66a45ab7fde35fd6ff0a704d3f789e58 entry-content-wrapper main_color av-flex-cells  avia-builder-el-23  el_after_av_section  avia-builder-el-last  av-cell-min-height av-cell-min-height-25 grid-row-not-first  container_wrap fullsize'   data-av_minimum_height_pc='25'>\n\n<style type=\"text\/css\" data-created_by=\"avia_inline_auto\" id=\"style-css-av-12evy-0ca9f28fb1e655dccb68920a127beb24\">\n.flex_cell.av-12evy-0ca9f28fb1e655dccb68920a127beb24{\nvertical-align:top;\n}\n.responsive #top #wrap_all .flex_cell.av-12evy-0ca9f28fb1e655dccb68920a127beb24{\npadding:0px 0px 0px 0px !important;\n}\n<\/style>\n<div class='flex_cell av-12evy-0ca9f28fb1e655dccb68920a127beb24 av-gridrow-cell av_one_full no_margin  avia-builder-el-24  avia-builder-el-no-sibling  av-zero-padding' ><div class='flex_cell_inner'><div  class='av_gmaps_sc_main_wrap av_gmaps_main_wrap '><div id='av_gmap_0' class='avia-google-map-container avia-google-map-sc av_gmaps_show_unconditionally av-no-fallback-img ' data-mapid='av_gmap_0'  style='height: 400px;'><a class=\"av_gmaps_browser_disabled av_text_confirm_link av_text_confirm_link_visible\" href=\"https:\/\/www.google.com\/maps\/search\/?api=1&#038;query=Hintenberg%2057%204161%20Ulrichsberg%20\u00d6sterreich\" target=\"_blank\" rel=\"noopener\">Aufgrund deiner Datenschutz-Einstellungen k\u00f6nnen wir Ihnen die Karte nicht anzeigen. Klicken Sie hier, um die Karte in einem neuen Fenster zu \u00f6ffnen.<\/a><\/div><\/div>\n<\/div><\/div><\/div>\n","protected":false},"excerpt":{"rendered":"","protected":false},"author":1,"featured_media":0,"parent":0,"menu_order":0,"comment_status":"closed","ping_status":"closed","template":"","meta":{"footnotes":""},"_links":{"self":[{"href":"https:\/\/www.holz-pfoser.at\/ulrichsberg\/wp-json\/wp\/v2\/pages\/243"}],"collection":[{"href":"https:\/\/www.holz-pfoser.at\/ulrichsberg\/wp-json\/wp\/v2\/pages"}],"about":[{"href":"https:\/\/www.holz-pfoser.at\/ulrichsberg\/wp-json\/wp\/v2\/types\/page"}],"author":[{"embeddable":true,"href":"https:\/\/www.holz-pfoser.at\/ulrichsberg\/wp-json\/wp\/v2\/users\/1"}],"replies":[{"embeddable":true,"href":"https:\/\/www.holz-pfoser.at\/ulrichsberg\/wp-json\/wp\/v2\/comments?post=243"}],"version-history":[{"count":7,"href":"https:\/\/www.holz-pfoser.at\/ulrichsberg\/wp-json\/wp\/v2\/pages\/243\/revisions"}],"predecessor-version":[{"id":307,"href":"https:\/\/www.holz-pfoser.at\/ulrichsberg\/wp-json\/wp\/v2\/pages\/243\/revisions\/307"}],"wp:attachment":[{"href":"https:\/\/www.holz-pfoser.at\/ulrichsberg\/wp-json\/wp\/v2\/media?parent=243"}],"curies":[{"name":"wp","href":"https:\/\/api.w.org\/{rel}","templated":true}]}}