{"id":20,"date":"2018-09-11T08:12:43","date_gmt":"2018-09-11T06:12:43","guid":{"rendered":"http:\/\/www.holz-pfoser.at\/ulrichsberg\/?page_id=20"},"modified":"2024-04-25T10:35:35","modified_gmt":"2024-04-25T08:35:35","slug":"kontakt-impressum","status":"publish","type":"page","link":"https:\/\/www.holz-pfoser.at\/ulrichsberg\/kontakt-impressum\/","title":{"rendered":"kontakt impressum"},"content":{"rendered":"<div id='layer_slider_1'  class='avia-layerslider main_color avia-shadow  avia-builder-el-0  el_before_av_section  avia-builder-el-first  container_wrap fullsize'  style='height: 351px; max-width: 1500px; margin: 0 auto;'  ><\/div>\n\n<style type=\"text\/css\" data-created_by=\"avia_inline_auto\" id=\"style-css-av-jlxoobce-41f35d55857c65a7ce44a34671b413ba\">\n.avia-section.av-jlxoobce-41f35d55857c65a7ce44a34671b413ba{\nbackground-color:#ffffff;\nbackground-image:unset;\n}\n<\/style>\n<div id='av_section_1'  class='avia-section av-jlxoobce-41f35d55857c65a7ce44a34671b413ba main_color avia-section-no-padding avia-no-border-styling  avia-builder-el-1  el_after_av_layerslider  el_before_av_hr  avia-bg-style-scroll container_wrap fullsize'  ><div class='container av-section-cont-open' ><div class='template-page content  av-content-full alpha units'><div class='post-entry post-entry-type-page post-entry-20'><div class='entry-content-wrapper clearfix'>\n\n<style type=\"text\/css\" data-created_by=\"avia_inline_auto\" id=\"style-css-av-jm0hcgvm-04762bcbdbe7ce93bc2a079e67c61df2\">\n#top .hr.hr-invisible.av-jm0hcgvm-04762bcbdbe7ce93bc2a079e67c61df2{\nheight:5px;\n}\n<\/style>\n<div  class='hr av-jm0hcgvm-04762bcbdbe7ce93bc2a079e67c61df2 hr-invisible  avia-builder-el-2  el_before_av_heading  avia-builder-el-first '><span class='hr-inner '><span class=\"hr-inner-style\"><\/span><\/span><\/div>\n\n<style type=\"text\/css\" data-created_by=\"avia_inline_auto\" id=\"style-css-av-2611k-45d6d93e5d680dd36b308d75e65cd5db\">\n#top .av-special-heading.av-2611k-45d6d93e5d680dd36b308d75e65cd5db{\npadding-bottom:10px;\n}\nbody .av-special-heading.av-2611k-45d6d93e5d680dd36b308d75e65cd5db .av-special-heading-tag .heading-char{\nfont-size:25px;\n}\n.av-special-heading.av-2611k-45d6d93e5d680dd36b308d75e65cd5db .av-subheading{\nfont-size:20px;\n}\n<\/style>\n<div  class='av-special-heading av-2611k-45d6d93e5d680dd36b308d75e65cd5db av-special-heading-h1 blockquote modern-quote  avia-builder-el-3  el_after_av_hr  el_before_av_hr '><h1 class='av-special-heading-tag'  itemprop=\"headline\"  >IMPRESSUM<\/h1><div class=\"special-heading-border\"><div class=\"special-heading-inner-border\"><\/div><\/div><\/div>\n\n<style type=\"text\/css\" data-created_by=\"avia_inline_auto\" id=\"style-css-av-jm0hcgvm-13-86f470994bca96affc10be4c4be975d9\">\n#top .hr.hr-invisible.av-jm0hcgvm-13-86f470994bca96affc10be4c4be975d9{\nheight:5px;\n}\n<\/style>\n<div  class='hr av-jm0hcgvm-13-86f470994bca96affc10be4c4be975d9 hr-invisible  avia-builder-el-4  el_after_av_heading  el_before_av_one_third '><span class='hr-inner '><span class=\"hr-inner-style\"><\/span><\/span><\/div>\n<div class='flex_column_table av-jlxove2u-f96e31213cd4671b0d13ecf7b961743e sc-av_one_third av-equal-height-column-flextable'>\n<style type=\"text\/css\" data-created_by=\"avia_inline_auto\" id=\"style-css-av-jlxove2u-f96e31213cd4671b0d13ecf7b961743e\">\n.flex_column.av-jlxove2u-f96e31213cd4671b0d13ecf7b961743e{\n-webkit-border-radius:0px 0px 0px 0px;\n-moz-border-radius:0px 0px 0px 0px;\nborder-radius:0px 0px 0px 0px;\npadding:10px 10px 10px 10px;\n}\n<\/style>\n<div class='flex_column av-jlxove2u-f96e31213cd4671b0d13ecf7b961743e av_one_third  avia-builder-el-5  el_after_av_hr  el_before_av_one_third  first no_margin flex_column_table_cell av-equal-height-column av-align-top '     ><section  class='av_textblock_section av-jm0ivd60-00a925d738dffd346e191463206acdde'  itemscope=\"itemscope\" itemtype=\"https:\/\/schema.org\/CreativeWork\" ><div class='avia_textblock'  itemprop=\"text\" ><h3>KONTAKT<\/h3>\n<\/div><\/section><br \/>\n\n<style type=\"text\/css\" data-created_by=\"avia_inline_auto\" id=\"style-css-av-jlxntfks-01848a85d31439ad086fd70e6ea79f4f\">\n#top .av_textblock_section.av-jlxntfks-01848a85d31439ad086fd70e6ea79f4f .avia_textblock{\nfont-size:14px;\n}\n<\/style>\n<section  class='av_textblock_section av-jlxntfks-01848a85d31439ad086fd70e6ea79f4f'  itemscope=\"itemscope\" itemtype=\"https:\/\/schema.org\/CreativeWork\" ><div class='avia_textblock'  itemprop=\"text\" ><p>S\u00e4gewerk Pfoser e.U.<br \/>\nHintenberg 57<br \/>\nA -4161 Ulrichsberg<\/p>\n<p>Tel: +43 7288 2456-0<br \/>\nMobil: +43 664 469 44 90<br \/>\nEmail:\u00a0<a href=\"https:\/\/mail.google.com\/mail\/?view=cm&amp;fs=1&amp;tf=1&amp;to=office@holz-pfoser.at\" target=\"_blank\" rel=\"noopener\">office@holz-pfoser.at<\/a><\/p>\n<\/div><\/section><\/p><\/div>\n<style type=\"text\/css\" data-created_by=\"avia_inline_auto\" id=\"style-css-av-jlxopdh0-fa7e6a6e7c43073ef7d63d41cb154092\">\n.flex_column.av-jlxopdh0-fa7e6a6e7c43073ef7d63d41cb154092{\n-webkit-border-radius:0px 0px 0px 0px;\n-moz-border-radius:0px 0px 0px 0px;\nborder-radius:0px 0px 0px 0px;\npadding:10px 10px 10px 10px;\n}\n<\/style>\n<div class='flex_column av-jlxopdh0-fa7e6a6e7c43073ef7d63d41cb154092 av_one_third  avia-builder-el-8  el_after_av_one_third  el_before_av_one_third  no_margin flex_column_table_cell av-equal-height-column av-align-top '     ><section  class='av_textblock_section av-jm0ivd60-11-bcf56a0d544a2f14ee337122eee4d66f'  itemscope=\"itemscope\" itemtype=\"https:\/\/schema.org\/CreativeWork\" ><div class='avia_textblock'  itemprop=\"text\" ><h3>BANKVERBINDUNG<\/h3>\n<\/div><\/section><br \/>\n\n<style type=\"text\/css\" data-created_by=\"avia_inline_auto\" id=\"style-css-av-jlxntfks-10-a08379aa8299e01df1a5afaa5b7cab8e\">\n#top .av_textblock_section.av-jlxntfks-10-a08379aa8299e01df1a5afaa5b7cab8e .avia_textblock{\nfont-size:14px;\n}\n<\/style>\n<section  class='av_textblock_section av-jlxntfks-10-a08379aa8299e01df1a5afaa5b7cab8e'  itemscope=\"itemscope\" itemtype=\"https:\/\/schema.org\/CreativeWork\" ><div class='avia_textblock'  itemprop=\"text\" ><p><strong>Raiffeisenbank Region Rohrbach:<\/strong><br \/>\nIBAN: AT52 3441 0000 0761 3334 , BIC: RZOOAT2L410<br \/>\n<strong>Sparkasse M\u00fchlviertel West:<\/strong><br \/>\nIBAN: AT27 2033 4035 0000 6204 , BIC: SMWRAT21<\/p>\n<p><strong>Firmenbuch-Nr:<\/strong> FN 339202 b<br \/>\n<strong>UID-Nr:<\/strong> ATU 66629767<\/p>\n<\/div><\/section><\/p><\/div>\n<style type=\"text\/css\" data-created_by=\"avia_inline_auto\" id=\"style-css-av-jlxopdh0-9-d76784cec7e33155f95a07408b672a48\">\n.flex_column.av-jlxopdh0-9-d76784cec7e33155f95a07408b672a48{\n-webkit-border-radius:0px 0px 0px 0px;\n-moz-border-radius:0px 0px 0px 0px;\nborder-radius:0px 0px 0px 0px;\npadding:10px 10px 10px 10px;\n}\n<\/style>\n<div class='flex_column av-jlxopdh0-9-d76784cec7e33155f95a07408b672a48 av_one_third  avia-builder-el-11  el_after_av_one_third  avia-builder-el-last  no_margin flex_column_table_cell av-equal-height-column av-align-top '     ><section  class='av_textblock_section av-jm0ivd60-8-7d7bf92ae4100dca9b260e4b802b34f2'  itemscope=\"itemscope\" itemtype=\"https:\/\/schema.org\/CreativeWork\" ><div class='avia_textblock'  itemprop=\"text\" ><h3>\u00d6FFNUNGSZEITEN<\/h3>\n<\/div><\/section><br \/>\n\n<style type=\"text\/css\" data-created_by=\"avia_inline_auto\" id=\"style-css-av-jlxntfks-7-e244930b5e54b50350a5354144cc115e\">\n#top .av_textblock_section.av-jlxntfks-7-e244930b5e54b50350a5354144cc115e .avia_textblock{\nfont-size:14px;\n}\n<\/style>\n<section  class='av_textblock_section av-jlxntfks-7-e244930b5e54b50350a5354144cc115e'  itemscope=\"itemscope\" itemtype=\"https:\/\/schema.org\/CreativeWork\" ><div class='avia_textblock'  itemprop=\"text\" ><p>MO \u2013 FR: 7.00-12.00 und 13.00-17.00 Uhr<br \/>\nSA nach tel. Vereinbarung<\/p>\n<\/div><\/section><br \/>\n\n<style type=\"text\/css\" data-created_by=\"avia_inline_auto\" id=\"style-css-av-jm0hcgvm-12-bfe83410ebc507e1c969e58241a80c26\">\n#top .hr.hr-invisible.av-jm0hcgvm-12-bfe83410ebc507e1c969e58241a80c26{\nheight:25px;\n}\n<\/style>\n<div  class='hr av-jm0hcgvm-12-bfe83410ebc507e1c969e58241a80c26 hr-invisible  avia-builder-el-14  el_after_av_textblock  el_before_av_textblock '><span class='hr-inner '><span class=\"hr-inner-style\"><\/span><\/span><\/div><br \/>\n<section  class='av_textblock_section av-jm0ivd60-6-964dde6c62d066ca67e15ea5bcd829a7'  itemscope=\"itemscope\" itemtype=\"https:\/\/schema.org\/CreativeWork\" ><div class='avia_textblock'  itemprop=\"text\" ><h3>WEBSITE<\/h3>\n<\/div><\/section><br \/>\n\n<style type=\"text\/css\" data-created_by=\"avia_inline_auto\" id=\"style-css-av-jlxntfks-5-c6223fa56caec8b2d8d47b907ec8f99c\">\n#top .av_textblock_section.av-jlxntfks-5-c6223fa56caec8b2d8d47b907ec8f99c .avia_textblock{\nfont-size:14px;\n}\n<\/style>\n<section  class='av_textblock_section av-jlxntfks-5-c6223fa56caec8b2d8d47b907ec8f99c'  itemscope=\"itemscope\" itemtype=\"https:\/\/schema.org\/CreativeWork\" ><div class='avia_textblock'  itemprop=\"text\" ><p>Konzept + Programmierung:\u00a0<a href=\"http:\/\/www.agenturwimmer.at\/\" target=\"_blank\" rel=\"noopener\">www.Agentur Wimmer.at<\/a><br \/>\nF\u00fcr den Inhalt verantwortlich: Markus Pfoser<\/p>\n<\/div><\/section><\/p><\/div><\/div><!--close column table wrapper. Autoclose: 1 -->\n<\/div><\/div><\/div><!-- close content main div --><\/div><\/div><div id='after_section_1'  class='main_color av_default_container_wrap container_wrap fullsize'  ><div class='container av-section-cont-open' ><div class='template-page content  av-content-full alpha units'><div class='post-entry post-entry-type-page post-entry-20'><div class='entry-content-wrapper clearfix'>\n\n<style type=\"text\/css\" data-created_by=\"avia_inline_auto\" id=\"style-css-av-jm0hcgvm-4-bb960b6e4d35e4ed539b78136c2f25be\">\n#top .hr.hr-invisible.av-jm0hcgvm-4-bb960b6e4d35e4ed539b78136c2f25be{\nheight:5px;\n}\n<\/style>\n<div  class='hr av-jm0hcgvm-4-bb960b6e4d35e4ed539b78136c2f25be hr-invisible  avia-builder-el-17  el_after_av_section  el_before_av_heading  avia-builder-el-first '><span class='hr-inner '><span class=\"hr-inner-style\"><\/span><\/span><\/div>\n\n<style type=\"text\/css\" data-created_by=\"avia_inline_auto\" id=\"style-css-av-1exqg-f9e90434f42b69fd9679cd5811516662\">\n#top .av-special-heading.av-1exqg-f9e90434f42b69fd9679cd5811516662{\npadding-bottom:10px;\n}\nbody .av-special-heading.av-1exqg-f9e90434f42b69fd9679cd5811516662 .av-special-heading-tag .heading-char{\nfont-size:25px;\n}\n.av-special-heading.av-1exqg-f9e90434f42b69fd9679cd5811516662 .av-subheading{\nfont-size:20px;\n}\n<\/style>\n<div  class='av-special-heading av-1exqg-f9e90434f42b69fd9679cd5811516662 av-special-heading-h1 blockquote modern-quote  avia-builder-el-18  el_after_av_hr  el_before_av_contact '><h1 class='av-special-heading-tag'  itemprop=\"headline\"  >ONLINE ANFRAGE<\/h1><div class=\"special-heading-border\"><div class=\"special-heading-inner-border\"><\/div><\/div><\/div>\n<form action=\"https:\/\/www.holz-pfoser.at\/ulrichsberg\/kontakt-impressum\/\" method=\"post\"  class=\"avia_ajax_form av-form-labels-visible   avia-builder-el-19  el_after_av_heading  el_before_av_hr   \" data-avia-form-id=\"1\" data-avia-redirect='' ><fieldset><p class='  first_form  form_element form_element_half' id='element_avia_1_1'><label for=\"avia_1_1\">Vorname \/ Nachname <abbr class=\"required\" title=\"ben\u00f6tigt\">*<\/abbr><\/label> <input name=\"avia_1_1\" class=\"text_input is_empty\" type=\"text\" id=\"avia_1_1\" value=\"\" \/><\/p><p class='  form_element form_element_half' id='element_avia_2_1'><label for=\"avia_2_1\">Stra\u00dfe Nr. \/ Postleitzahl Ort <abbr class=\"required\" title=\"ben\u00f6tigt\">*<\/abbr><\/label> <input name=\"avia_2_1\" class=\"text_input is_empty\" type=\"text\" id=\"avia_2_1\" value=\"\" \/><\/p><p class='  first_form  form_element form_element_half' id='element_avia_3_1'><label for=\"avia_3_1\">E-Mail <abbr class=\"required\" title=\"ben\u00f6tigt\">*<\/abbr><\/label> <input name=\"avia_3_1\" class=\"text_input is_email\" type=\"text\" id=\"avia_3_1\" value=\"\" \/><\/p><p class='  form_element form_element_half' id='element_avia_4_1'><label for=\"avia_4_1\">Telefonnummer<\/label> <input name=\"avia_4_1\" class=\"text_input \" type=\"text\" id=\"avia_4_1\" value=\"\" \/><\/p><p class='  first_form  form_element form_fullwidth' id='element_avia_5_1'><label for=\"avia_5_1\" class=\"textare_label hidden textare_label_avia_5_1\">Ihr Anliegen<\/label><textarea  name=\"avia_5_1\" class=\"text_area \" cols=\"40\" rows=\"7\" id=\"avia_5_1\" ><\/textarea><\/p><p class='  first_form  form_element form_element_half' id='element_avia_6_1'><input  name=\"avia_6_1\" class=\"input_checkbox is_empty\" type=\"checkbox\" id=\"avia_6_1\" value=\"true\"\/><label class=\"input_checkbox_label\" for=\"avia_6_1\"><a href=\"http:\/\/www.holz-pfoser.at\/ulrichsberg\/kontakt-impressum\/\">Datenschutzrichtlinie gelesen<\/a> <abbr class=\"required\" title=\"ben\u00f6tigt\">*<\/abbr><\/label><\/p><p class=\"hidden\"><input type=\"text\" name=\"avia_7_1\" class=\"hidden \" id=\"avia_7_1\" value=\"\" \/><\/p><p class=' form_element_half  form_element form_fullwidth' id='element_avia_8_1'><span class='value_verifier_label'>0 + 4 = ?<\/span><input name=\"avia_8_1_verifier\" type=\"hidden\" id=\"avia_8_1_verifier\" value=\"243346426\"\/><label for=\"avia_8_1\">Bitte l\u00f6se die Gleichung. Diese Ma\u00dfnahme dient der Abwehr von Spam <abbr class=\"required\" title=\"ben\u00f6tigt\">*<\/abbr><\/label><input name=\"avia_8_1\" class=\"text_input captcha\" type=\"text\" id=\"avia_8_1\" value=\"\"\/><\/p><p class=\"form_element \"><input type=\"hidden\" value=\"1\" name=\"avia_generated_form1\" \/><input type=\"submit\" value=\"Senden\" class=\"button\"  data-sending-label=\"Sende\"\/><\/p><\/fieldset><\/form><div id=\"ajaxresponse_1\" class=\"ajaxresponse ajaxresponse_1 hidden\"><\/div>\n\n<style type=\"text\/css\" data-created_by=\"avia_inline_auto\" id=\"style-css-av-jm0hcgvm-2-a364c495eb4dc5ea8006232d94c9de66\">\n#top .hr.hr-invisible.av-jm0hcgvm-2-a364c495eb4dc5ea8006232d94c9de66{\nheight:5px;\n}\n<\/style>\n<div  class='hr av-jm0hcgvm-2-a364c495eb4dc5ea8006232d94c9de66 hr-invisible  avia-builder-el-20  el_after_av_contact  el_before_av_heading '><span class='hr-inner '><span class=\"hr-inner-style\"><\/span><\/span><\/div>\n\n<style type=\"text\/css\" data-created_by=\"avia_inline_auto\" id=\"style-css-av-u5tg-368a344438aa497829e158cbcfdc096c\">\n#top .av-special-heading.av-u5tg-368a344438aa497829e158cbcfdc096c{\npadding-bottom:10px;\n}\nbody .av-special-heading.av-u5tg-368a344438aa497829e158cbcfdc096c .av-special-heading-tag .heading-char{\nfont-size:25px;\n}\n.av-special-heading.av-u5tg-368a344438aa497829e158cbcfdc096c .av-subheading{\nfont-size:20px;\n}\n<\/style>\n<div  class='av-special-heading av-u5tg-368a344438aa497829e158cbcfdc096c av-special-heading-h1 blockquote modern-quote  avia-builder-el-21  el_after_av_hr  el_before_av_hr '><h1 class='av-special-heading-tag'  itemprop=\"headline\"  >DSGVO<\/h1><div class=\"special-heading-border\"><div class=\"special-heading-inner-border\"><\/div><\/div><\/div>\n\n<style type=\"text\/css\" data-created_by=\"avia_inline_auto\" id=\"style-css-av-jm0hcgvm-1-2a04617dd380deab148b996d55c6fd3f\">\n#top .hr.hr-invisible.av-jm0hcgvm-1-2a04617dd380deab148b996d55c6fd3f{\nheight:20px;\n}\n<\/style>\n<div  class='hr av-jm0hcgvm-1-2a04617dd380deab148b996d55c6fd3f hr-invisible  avia-builder-el-22  el_after_av_heading  el_before_av_textblock '><span class='hr-inner '><span class=\"hr-inner-style\"><\/span><\/span><\/div>\n\n<style type=\"text\/css\" data-created_by=\"avia_inline_auto\" id=\"style-css-av-jlxntfks-3-aa9db6d548fce3031f96205f79d5a248\">\n#top .av_textblock_section.av-jlxntfks-3-aa9db6d548fce3031f96205f79d5a248 .avia_textblock{\nfont-size:14px;\n}\n<\/style>\n<section  class='av_textblock_section av-jlxntfks-3-aa9db6d548fce3031f96205f79d5a248'  itemscope=\"itemscope\" itemtype=\"https:\/\/schema.org\/CreativeWork\" ><div class='avia_textblock'  itemprop=\"text\" ><p><strong>SCHUTZ PERSONENBEZOGENER DATEN<\/strong><br \/>\nWir nehmen die Sicherheit ihrer Daten ernst! Die Verarbeitung ihrer Daten durch uns erfolgt im Rahmen Ihrer Anfrage oder Ihrer Bestellung. Eine Nutzung Ihrer Daten erfolgt nur, wenn sie uns hierf\u00fcr ihre Einwilligung geben, ein Gesetz es zul\u00e4sst oder dies zur Erf\u00fcllung ihres Vertrages (Bestellung, Anfrage, etc.) notwendig ist. Dies betrifft z.B. die Weitergabe der Lieferadresse an externe Produzenten oder Unternehmen. Juristisch formuliert hei\u00dft es: \u201edie Weitergabe von personenbezogenen Daten erfolgt nur, sofern es die Begr\u00fcndung, Durchf\u00fchrung oder Beendigung eines rechtsgesch\u00e4ftlichen Schuldverh\u00e4ltnisses mit dem betroffenen erforderlich macht\u201c.<br \/>\nDaten die beim Ausf\u00fcllen eines Onlineformulares auf unserer Webseite eingehoben werden, dienen ausschlie\u00dflich f\u00fcr die Beantwortung und Abwicklung dieser Anfrage. Sie bekommen in Folge keine weiteren Zusendungen oder Werbemails von uns. Bei Auftragserteilung werden personenbezogene Daten ausschlie\u00dflich zweckgebunden f\u00fcr die Abwicklung des Auftrages verwendet und danach im Rahmen einer gesetzlichen Aufbewahrungspflicht aufgehoben und digital gespeichert. Dar\u00fcber hinaus werden personenbezogene Kundendaten nicht an Dritte weitergegeben oder f\u00fcr andere Zwecke verwendet. Die \u00dcbermittlung der Daten erfolgt \u00fcber eine verschl\u00fcsselte Verbindung. Wir versenden keine Emailnewsletter o.\u00e4.<\/p>\n<p><strong>COOKIES<\/strong><br \/>\nUnsere Website verwendet so genannte Cookies. Dabei handelt es sich um kleine Textdateien, die mit Hilfe des Browsers auf Ihrem Endger\u00e4t abgelegt werden. Sie richten keinen Schaden an. Wir nutzen Cookies dazu, unser Angebot nutzerfreundlich zu gestalten. Einige Cookies bleiben auf Ihrem Endger\u00e4t gespeichert, bis Sie diese l\u00f6schen. Sie erm\u00f6glichen es uns, Ihren Browser beim n\u00e4chsten Besuch wiederzuerkennen.<br \/>\nEine Nutzung unserer Angebote ist auch ohne Cookies m\u00f6glich. Sie k\u00f6nnen in ihrem Browser das speichern von Cookies deaktivieren, auf bestimmte Webseiten beschr\u00e4nken oder ihren Webbrowser so einstellen, dass er sie benachrichtigt, sobald ein Cookie gesendet wird. Sie k\u00f6nnen Cookies auch jederzeit von der Festplatte ihres PC l\u00f6schen.<\/p>\n<p><strong>GOOGLE ANALYTICS<\/strong><\/p>\n<p>DieseWebsite benutzt kein Google Analytics und auch keinen anderen Webanalysedienst.<\/p>\n<p><strong>GOOGLE MAPS<\/strong><br \/>\nUnsere Webseite verwendet Google Maps f\u00fcr die Darstellung von Karteninformationen. Bei der Nutzung von Google Maps werden von Google auch Daten \u00fcber die Nutzung der Maps-Funktionen durch Besucher der Webseiten erhoben, verarbeitet und genutzt. N\u00e4here Informationen \u00fcber die Datenverarbeitung durch Google k\u00f6nnen sie den Datenschutzhinweisen von Google auf https:\/\/www.google.at\/intl\/de\/policies\/privacy\/ entnehmen. Dort k\u00f6nnen sie im Datenschutzcenter auch ihre Einstellungen ver\u00e4ndern, so dass sie ihre Daten verwalten und sch\u00fctzen k\u00f6nnen.<\/p>\n<p><strong>SOCIALE MEDIEN<\/strong><br \/>\nauf unserer Webseite sind keine Plugins von Socialen Medien (Facebook, Instagram, Google, etc.) integriert.<\/p>\n<p><strong>AUSKUNFSTSRECHT<\/strong><br \/>\nSie haben jederzeit das Recht auf Auskunft \u00fcber die bez\u00fcglich ihrer Person gespeicherten Daten, deren Herkunft und Empf\u00e4nger sowie den Zweck der Speicherung.<\/p>\n<\/div><\/section>\n<\/div><\/div><\/div><!-- close content main div --><\/div><\/div><div id='av-layout-grid-1'  class='av-layout-grid-container av-jm0e74bo-66a45ab7fde35fd6ff0a704d3f789e58 entry-content-wrapper main_color av-flex-cells  avia-builder-el-24  el_after_av_textblock  avia-builder-el-last  av-cell-min-height av-cell-min-height-25 grid-row-not-first  container_wrap fullsize'   data-av_minimum_height_pc='25'>\n\n<style type=\"text\/css\" data-created_by=\"avia_inline_auto\" id=\"style-css-av-12evy-0ca9f28fb1e655dccb68920a127beb24\">\n.flex_cell.av-12evy-0ca9f28fb1e655dccb68920a127beb24{\nvertical-align:top;\n}\n.responsive #top #wrap_all .flex_cell.av-12evy-0ca9f28fb1e655dccb68920a127beb24{\npadding:0px 0px 0px 0px !important;\n}\n<\/style>\n<div class='flex_cell av-12evy-0ca9f28fb1e655dccb68920a127beb24 av-gridrow-cell av_one_full no_margin  avia-builder-el-25  avia-builder-el-no-sibling  av-zero-padding' ><div class='flex_cell_inner'><div  class='av_gmaps_sc_main_wrap av_gmaps_main_wrap '><div id='av_gmap_0' class='avia-google-map-container avia-google-map-sc av_gmaps_show_unconditionally av-no-fallback-img ' data-mapid='av_gmap_0'  style='height: 400px;'><a class=\"av_gmaps_browser_disabled av_text_confirm_link av_text_confirm_link_visible\" href=\"https:\/\/www.google.com\/maps\/search\/?api=1&#038;query=Hintenberg%2057%204161%20Ulrichsberg%20\u00d6sterreich\" target=\"_blank\" rel=\"noopener\">Aufgrund deiner Datenschutz-Einstellungen k\u00f6nnen wir Ihnen die Karte nicht anzeigen. Klicken Sie hier, um die Karte in einem neuen Fenster zu \u00f6ffnen.<\/a><\/div><\/div>\n<\/div><\/div><\/div>\n","protected":false},"excerpt":{"rendered":"","protected":false},"author":1,"featured_media":0,"parent":0,"menu_order":0,"comment_status":"closed","ping_status":"closed","template":"","meta":{"footnotes":""},"_links":{"self":[{"href":"https:\/\/www.holz-pfoser.at\/ulrichsberg\/wp-json\/wp\/v2\/pages\/20"}],"collection":[{"href":"https:\/\/www.holz-pfoser.at\/ulrichsberg\/wp-json\/wp\/v2\/pages"}],"about":[{"href":"https:\/\/www.holz-pfoser.at\/ulrichsberg\/wp-json\/wp\/v2\/types\/page"}],"author":[{"embeddable":true,"href":"https:\/\/www.holz-pfoser.at\/ulrichsberg\/wp-json\/wp\/v2\/users\/1"}],"replies":[{"embeddable":true,"href":"https:\/\/www.holz-pfoser.at\/ulrichsberg\/wp-json\/wp\/v2\/comments?post=20"}],"version-history":[{"count":20,"href":"https:\/\/www.holz-pfoser.at\/ulrichsberg\/wp-json\/wp\/v2\/pages\/20\/revisions"}],"predecessor-version":[{"id":207,"href":"https:\/\/www.holz-pfoser.at\/ulrichsberg\/wp-json\/wp\/v2\/pages\/20\/revisions\/207"}],"wp:attachment":[{"href":"https:\/\/www.holz-pfoser.at\/ulrichsberg\/wp-json\/wp\/v2\/media?parent=20"}],"curies":[{"name":"wp","href":"https:\/\/api.w.org\/{rel}","templated":true}]}}